{"id":1127,"date":"2020-05-19T02:31:39","date_gmt":"2020-05-19T00:31:39","guid":{"rendered":"http:\/\/wp2023.deux-ailes.org\/?page_id=1127"},"modified":"2024-04-17T13:18:08","modified_gmt":"2024-04-17T11:18:08","slug":"contact","status":"publish","type":"page","link":"https:\/\/www.deux-ailes.org\/index.php\/contact\/","title":{"rendered":"CONTACT"},"content":{"rendered":"\t\t<div data-elementor-type=\"wp-page\" data-elementor-id=\"1127\" class=\"elementor elementor-1127\" data-elementor-settings=\"[]\">\n\t\t\t<div class=\"elementor-inner\">\n\t\t\t\t<div class=\"elementor-section-wrap\">\n\t\t\t\t\t\t\t<section class=\"elementor-element elementor-element-62adc56a elementor-section-content-middle elementor-section-full_width elementor-section-height-default elementor-section-height-default elementor-section elementor-top-section\" data-id=\"62adc56a\" data-element_type=\"section\" data-settings=\"{&quot;background_background&quot;:&quot;classic&quot;}\">\n\t\t\t\t\t\t<div class=\"elementor-container elementor-column-gap-no\">\n\t\t\t\t<div class=\"elementor-row\">\n\t\t\t\t<div class=\"elementor-element elementor-element-6b621bd6 elementor-column elementor-col-100 elementor-top-column\" data-id=\"6b621bd6\" data-element_type=\"column\">\n\t\t\t<div class=\"elementor-column-wrap  elementor-element-populated\">\n\t\t\t\t\t<div class=\"elementor-widget-wrap\">\n\t\t\t\t<div class=\"elementor-element elementor-element-60bc95f2 elementor-widget elementor-widget-heading\" data-id=\"60bc95f2\" data-element_type=\"widget\" data-widget_type=\"heading.default\">\n\t\t\t\t<div class=\"elementor-widget-container\">\n\t\t\t<h6 class=\"elementor-heading-title elementor-size-default\">Contactez-nous<\/h6>\t\t<\/div>\n\t\t\t\t<\/div>\n\t\t\t\t<div class=\"elementor-element elementor-element-3368fa4 elementor-widget elementor-widget-heading\" data-id=\"3368fa4\" data-element_type=\"widget\" data-widget_type=\"heading.default\">\n\t\t\t\t<div class=\"elementor-widget-container\">\n\t\t\t<h6 class=\"elementor-heading-title elementor-size-default\">deux.ailes@live.fr<\/h6>\t\t<\/div>\n\t\t\t\t<\/div>\n\t\t\t\t<div class=\"elementor-element elementor-element-3e0b8603 elementor-widget elementor-widget-heading\" data-id=\"3e0b8603\" data-element_type=\"widget\" data-widget_type=\"heading.default\">\n\t\t\t\t<div class=\"elementor-widget-container\">\n\t\t\t<h3 class=\"elementor-heading-title elementor-size-default\">9 rue Blanqui 42000 Saint-Etienne<\/h3>\t\t<\/div>\n\t\t\t\t<\/div>\n\t\t\t\t<div class=\"elementor-element elementor-element-5d96dbd8 elementor-widget elementor-widget-google_maps\" data-id=\"5d96dbd8\" data-element_type=\"widget\" data-widget_type=\"google_maps.default\">\n\t\t\t\t<div class=\"elementor-widget-container\">\n\t\t\t<div class=\"elementor-custom-embed\"><iframe frameborder=\"0\" scrolling=\"no\" marginheight=\"0\" marginwidth=\"0\" src=\"https:\/\/maps.google.com\/maps?q=15%C2%B038%2706.9%22N%2016%C2%B013%2737.8%22W&amp;t=m&amp;z=16&amp;output=embed&amp;iwloc=near\" aria-label=\"15\u00b038&#039;06.9&quot;N 16\u00b013&#039;37.8&quot;W\"><\/iframe><\/div>\t\t<\/div>\n\t\t\t\t<\/div>\n\t\t\t\t<div class=\"elementor-element elementor-element-543ea7c1 elementor-shape-rounded elementor-widget elementor-widget-social-icons\" data-id=\"543ea7c1\" data-element_type=\"widget\" data-widget_type=\"social-icons.default\">\n\t\t\t\t<div class=\"elementor-widget-container\">\n\t\t\t\t\t<div class=\"elementor-social-icons-wrapper\">\n\t\t\t\t\t\t\t<a class=\"elementor-icon elementor-social-icon elementor-social-icon-facebook-f elementor-animation-grow elementor-repeater-item-9c86cde\" href=\"https:\/\/fr-fr.facebook.com\/orphelinatdelouga\/\" target=\"_blank\">\n\t\t\t\t\t<span class=\"elementor-screen-only\">Facebook-f<\/span>\n\t\t\t\t\t<i class=\"fab fa-facebook-f\"><\/i>\t\t\t\t<\/a>\n\t\t\t\t\t\t\t<a class=\"elementor-icon elementor-social-icon elementor-social-icon-twitter elementor-animation-grow elementor-repeater-item-7f0e5c7\" href=\"https:\/\/twitter.com\/deuxailes2louga?lang=fr\" target=\"_blank\">\n\t\t\t\t\t<span class=\"elementor-screen-only\">Twitter<\/span>\n\t\t\t\t\t<i class=\"fab fa-twitter\"><\/i>\t\t\t\t<\/a>\n\t\t\t\t\t\t\t<a class=\"elementor-icon elementor-social-icon elementor-social-icon-instagram elementor-animation-grow elementor-repeater-item-7b9d1bc\" href=\"https:\/\/www.instagram.com\/associationdeuxailes\/?hl=fr\" target=\"_blank\">\n\t\t\t\t\t<span class=\"elementor-screen-only\">Instagram<\/span>\n\t\t\t\t\t<i class=\"fab fa-instagram\"><\/i>\t\t\t\t<\/a>\n\t\t\t\t\t\t\t<a class=\"elementor-icon elementor-social-icon elementor-social-icon-youtube elementor-animation-grow elementor-repeater-item-1cfae18\" href=\"https:\/\/www.youtube.com\/channel\/UCq7lJcJGDLHz4k0lg2y9f5g\" target=\"_blank\">\n\t\t\t\t\t<span class=\"elementor-screen-only\">Youtube<\/span>\n\t\t\t\t\t<i class=\"fab fa-youtube\"><\/i>\t\t\t\t<\/a>\n\t\t\t\t\t\t\t<a class=\"elementor-icon elementor-social-icon elementor-social-icon-pinterest elementor-animation-grow elementor-repeater-item-6b9a598\" href=\"https:\/\/www.pinterest.fr\/associationdeuxailes\/\" target=\"_blank\">\n\t\t\t\t\t<span class=\"elementor-screen-only\">Pinterest<\/span>\n\t\t\t\t\t<i class=\"fab fa-pinterest\"><\/i>\t\t\t\t<\/a>\n\t\t\t\t\t\t\t<a class=\"elementor-icon elementor-social-icon elementor-social-icon-globe elementor-animation-grow elementor-repeater-item-754b1fb\" href=\"https:\/\/www.helloasso.com\/associations\/deux-ailes\" target=\"_blank\">\n\t\t\t\t\t<span class=\"elementor-screen-only\">Globe<\/span>\n\t\t\t\t\t<i class=\"fas fa-globe\"><\/i>\t\t\t\t<\/a>\n\t\t\t\t\t<\/div>\n\t\t\t\t<\/div>\n\t\t\t\t<\/div>\n\t\t\t\t\t\t<\/div>\n\t\t\t<\/div>\n\t\t<\/div>\n\t\t\t\t\t\t<\/div>\n\t\t\t<\/div>\n\t\t<\/section>\n\t\t\t\t<section class=\"elementor-element elementor-element-d21852e elementor-section-full_width elementor-section-height-default elementor-section-height-default elementor-section elementor-top-section\" data-id=\"d21852e\" data-element_type=\"section\" data-settings=\"{&quot;background_background&quot;:&quot;classic&quot;}\">\n\t\t\t\t\t\t<div class=\"elementor-container elementor-column-gap-no\">\n\t\t\t\t<div class=\"elementor-row\">\n\t\t\t\t<div class=\"elementor-element elementor-element-a9691c0 elementor-column elementor-col-100 elementor-top-column\" data-id=\"a9691c0\" data-element_type=\"column\">\n\t\t\t<div class=\"elementor-column-wrap  elementor-element-populated\">\n\t\t\t\t\t<div class=\"elementor-widget-wrap\">\n\t\t\t\t<section class=\"elementor-element elementor-element-ab6795a elementor-section-content-middle elementor-section-boxed elementor-section-height-default elementor-section-height-default elementor-section elementor-inner-section\" data-id=\"ab6795a\" data-element_type=\"section\">\n\t\t\t\t\t\t<div class=\"elementor-container elementor-column-gap-no\">\n\t\t\t\t<div class=\"elementor-row\">\n\t\t\t\t<div class=\"elementor-element elementor-element-dafbfbb elementor-column elementor-col-25 elementor-inner-column\" data-id=\"dafbfbb\" data-element_type=\"column\">\n\t\t\t<div class=\"elementor-column-wrap  elementor-element-populated\">\n\t\t\t\t\t<div class=\"elementor-widget-wrap\">\n\t\t\t\t<div class=\"elementor-element elementor-element-6459062 elementor-widget elementor-widget-heading\" data-id=\"6459062\" data-element_type=\"widget\" data-widget_type=\"heading.default\">\n\t\t\t\t<div class=\"elementor-widget-container\">\n\t\t\t<h6 class=\"elementor-heading-title elementor-size-default\">Liens<\/h6>\t\t<\/div>\n\t\t\t\t<\/div>\n\t\t\t\t<div class=\"elementor-element elementor-element-0f05d56 hfe-submenu-icon-classic hfe-nav-menu__breakpoint-none hfe-nav-menu__align-left elementor-widget elementor-widget-navigation-menu\" data-id=\"0f05d56\" data-element_type=\"widget\" data-widget_type=\"navigation-menu.default\">\n\t\t\t\t<div class=\"elementor-widget-container\">\n\t\t\t\t\t\t<div class=\"hfe-nav-menu hfe-layout-vertical hfe-nav-menu-layout vertical\" data-layout=\"vertical\">\n\t\t\t\t<div class=\"hfe-nav-menu__toggle elementor-clickable\">\n\t\t\t\t\t<div class=\"hfe-nav-menu-icon\">\n\t\t\t\t\t\t\t\t\t\t\t\t\t<i class=\"<br \/>\n<b>Notice<\/b>:  Trying to access array offset on value of type null in <b>\/home\/deuxaic\/www\/wp-content\/plugins\/header-footer-elementor\/inc\/widgets-manager\/widgets\/class-navigation-menu.php<\/b> on line <b>1835<\/b><br \/>\n\" aria-hidden=\"true\" tabindex=\"0\"><\/i>\n\t\t\t\t\t\t\t\t\t\t\t<\/div>\n\t\t\t\t<\/div>\n\t\t\t\t<nav class=\"hfe-nav-menu__layout-vertical hfe-nav-menu__submenu-classic\" data-toggle-icon=\"\" data-close-icon=\"\" data-full-width=\"\"><ul class=\"hfe-nav-menu\"><li id=\"menu-item-3822\" class=\"menu-item menu-item-type-post_type menu-item-object-page menu-item-home parent hfe-creative-menu\"><a href=\"https:\/\/www.deux-ailes.org\/\" class = \"hfe-menu-item\">ACCUEIL<\/a><\/li>\n<li id=\"menu-item-3819\" class=\"menu-item menu-item-type-post_type menu-item-object-page parent hfe-creative-menu\"><a href=\"https:\/\/www.deux-ailes.org\/index.php\/a-propos-de-nous\/\" class = \"hfe-menu-item\">A PROPOS DE NOUS<\/a><\/li>\n<li id=\"menu-item-3821\" class=\"menu-item menu-item-type-post_type menu-item-object-page parent hfe-creative-menu\"><a href=\"https:\/\/www.deux-ailes.org\/index.php\/concept-orphelinat-2l\/\" class = \"hfe-menu-item\">CONCEPT ORPHELINAT 2L<\/a><\/li>\n<li id=\"menu-item-3820\" class=\"menu-item menu-item-type-post_type menu-item-object-page parent hfe-creative-menu\"><a href=\"https:\/\/www.deux-ailes.org\/index.php\/notre-1er-orphelinat\/\" class = \"hfe-menu-item\">NOTRE PREMIER ORPHELINAT<\/a><\/li>\n<li id=\"menu-item-3817\" class=\"menu-item menu-item-type-post_type menu-item-object-page parent hfe-creative-menu\"><a href=\"https:\/\/www.deux-ailes.org\/index.php\/nos-missions-humanitaires\/\" class = \"hfe-menu-item\">NOS MISSIONS HUMANITAIRES<\/a><\/li>\n<li id=\"menu-item-3818\" class=\"menu-item menu-item-type-post_type menu-item-object-page parent hfe-creative-menu\"><a href=\"https:\/\/www.deux-ailes.org\/index.php\/nos-realisations\/\" class = \"hfe-menu-item\">NOS REALISATIONS<\/a><\/li>\n<\/ul><\/nav>              \n\t\t\t<\/div>\n\t\t\t\t\t<\/div>\n\t\t\t\t<\/div>\n\t\t\t\t\t\t<\/div>\n\t\t\t<\/div>\n\t\t<\/div>\n\t\t\t\t<div class=\"elementor-element elementor-element-58c2c26 elementor-column elementor-col-25 elementor-inner-column\" data-id=\"58c2c26\" data-element_type=\"column\">\n\t\t\t<div class=\"elementor-column-wrap  elementor-element-populated\">\n\t\t\t\t\t<div class=\"elementor-widget-wrap\">\n\t\t\t\t<div class=\"elementor-element elementor-element-ab46cbf elementor-widget elementor-widget-heading\" data-id=\"ab46cbf\" data-element_type=\"widget\" data-widget_type=\"heading.default\">\n\t\t\t\t<div class=\"elementor-widget-container\">\n\t\t\t<h6 class=\"elementor-heading-title elementor-size-default\">Liens<\/h6>\t\t<\/div>\n\t\t\t\t<\/div>\n\t\t\t\t<div class=\"elementor-element elementor-element-68f0673 hfe-submenu-icon-classic hfe-nav-menu__breakpoint-none hfe-nav-menu__align-left elementor-widget elementor-widget-navigation-menu\" data-id=\"68f0673\" data-element_type=\"widget\" data-widget_type=\"navigation-menu.default\">\n\t\t\t\t<div class=\"elementor-widget-container\">\n\t\t\t\t\t\t<div class=\"hfe-nav-menu hfe-layout-vertical hfe-nav-menu-layout vertical\" data-layout=\"vertical\">\n\t\t\t\t<div class=\"hfe-nav-menu__toggle elementor-clickable\">\n\t\t\t\t\t<div class=\"hfe-nav-menu-icon\">\n\t\t\t\t\t\t\t\t\t\t\t\t\t<i class=\"<br \/>\n<b>Notice<\/b>:  Trying to access array offset on value of type null in <b>\/home\/deuxaic\/www\/wp-content\/plugins\/header-footer-elementor\/inc\/widgets-manager\/widgets\/class-navigation-menu.php<\/b> on line <b>1835<\/b><br \/>\n\" aria-hidden=\"true\" tabindex=\"0\"><\/i>\n\t\t\t\t\t\t\t\t\t\t\t<\/div>\n\t\t\t\t<\/div>\n\t\t\t\t<nav class=\"hfe-nav-menu__layout-vertical hfe-nav-menu__submenu-classic\" data-toggle-icon=\"\" data-close-icon=\"\" data-full-width=\"\"><ul class=\"hfe-nav-menu\"><li id=\"menu-item-3813\" class=\"menu-item menu-item-type-post_type menu-item-object-page parent hfe-creative-menu\"><a href=\"https:\/\/www.deux-ailes.org\/index.php\/soutien-par-le-don\/\" class = \"hfe-menu-item\">SOUTIEN PAR LE DON<\/a><\/li>\n<li id=\"menu-item-3816\" class=\"menu-item menu-item-type-post_type menu-item-object-page parent hfe-creative-menu\"><a href=\"https:\/\/www.deux-ailes.org\/index.php\/parrainage\/\" class = \"hfe-menu-item\">PARRAINAGE<\/a><\/li>\n<li id=\"menu-item-3814\" class=\"menu-item menu-item-type-post_type menu-item-object-page parent hfe-creative-menu\"><a href=\"https:\/\/www.deux-ailes.org\/index.php\/album-photos\/\" class = \"hfe-menu-item\">ALBUM PHOTOS<\/a><\/li>\n<li id=\"menu-item-3815\" class=\"menu-item menu-item-type-post_type menu-item-object-page parent hfe-creative-menu\"><a href=\"https:\/\/www.deux-ailes.org\/index.php\/notre-histoire\/\" class = \"hfe-menu-item\">NOTRE HISTOIRE<\/a><\/li>\n<li id=\"menu-item-3812\" class=\"menu-item menu-item-type-post_type menu-item-object-page parent hfe-creative-menu\"><a href=\"https:\/\/www.deux-ailes.org\/index.php\/faq-deux-ailes\/\" class = \"hfe-menu-item\">F.A.Q<\/a><\/li>\n<li id=\"menu-item-3811\" class=\"menu-item menu-item-type-post_type menu-item-object-page parent hfe-creative-menu\"><a href=\"https:\/\/www.deux-ailes.org\/index.php\/mentions-legales\/\" class = \"hfe-menu-item\">MENTIONS LEGALES<\/a><\/li>\n<\/ul><\/nav>              \n\t\t\t<\/div>\n\t\t\t\t\t<\/div>\n\t\t\t\t<\/div>\n\t\t\t\t\t\t<\/div>\n\t\t\t<\/div>\n\t\t<\/div>\n\t\t\t\t<div class=\"elementor-element elementor-element-c5dbe20 elementor-column elementor-col-25 elementor-inner-column\" data-id=\"c5dbe20\" data-element_type=\"column\">\n\t\t\t<div class=\"elementor-column-wrap  elementor-element-populated\">\n\t\t\t\t\t<div class=\"elementor-widget-wrap\">\n\t\t\t\t<div class=\"elementor-element elementor-element-b632b03 elementor-widget elementor-widget-image\" data-id=\"b632b03\" data-element_type=\"widget\" data-widget_type=\"image.default\">\n\t\t\t\t<div class=\"elementor-widget-container\">\n\t\t\t\t\t<div class=\"elementor-image\">\n\t\t\t\t\t\t\t\t\t\t<img width=\"500\" height=\"274\" src=\"https:\/\/www.deux-ailes.org\/wp-content\/uploads\/2024\/03\/groupe-mini-02.jpg\" class=\"attachment-large size-large\" alt=\"\" loading=\"lazy\" srcset=\"https:\/\/www.deux-ailes.org\/wp-content\/uploads\/2024\/03\/groupe-mini-02.jpg 500w, https:\/\/www.deux-ailes.org\/wp-content\/uploads\/2024\/03\/groupe-mini-02-300x164.jpg 300w\" sizes=\"(max-width: 500px) 100vw, 500px\" \/>\t\t\t\t\t\t\t\t\t\t\t<\/div>\n\t\t\t\t<\/div>\n\t\t\t\t<\/div>\n\t\t\t\t\t\t<\/div>\n\t\t\t<\/div>\n\t\t<\/div>\n\t\t\t\t<div class=\"elementor-element elementor-element-ae2049b elementor-column elementor-col-25 elementor-inner-column\" data-id=\"ae2049b\" data-element_type=\"column\">\n\t\t\t<div class=\"elementor-column-wrap  elementor-element-populated\">\n\t\t\t\t\t<div class=\"elementor-widget-wrap\">\n\t\t\t\t<div class=\"elementor-element elementor-element-462416b elementor-widget elementor-widget-heading\" data-id=\"462416b\" data-element_type=\"widget\" data-widget_type=\"heading.default\">\n\t\t\t\t<div class=\"elementor-widget-container\">\n\t\t\t<h6 class=\"elementor-heading-title elementor-size-default\">Contactez-nous<\/h6>\t\t<\/div>\n\t\t\t\t<\/div>\n\t\t\t\t<div class=\"elementor-element elementor-element-202ced9 elementor-widget elementor-widget-text-editor\" data-id=\"202ced9\" data-element_type=\"widget\" data-widget_type=\"text-editor.default\">\n\t\t\t\t<div class=\"elementor-widget-container\">\n\t\t\t\t\t<div class=\"elementor-text-editor elementor-clearfix\"><p style=\"text-align: left;\"><strong>Email<\/strong> : deux.ailes@live.fr<\/p><p style=\"text-align: left;\"><strong>webmaster<\/strong> : abiiss@live.fr<\/p><p style=\"text-align: left;\"><strong>Adresse :<\/strong> 9 rue Blanqui &#8211; 42000 St-Etienne<\/p><\/div>\n\t\t\t\t<\/div>\n\t\t\t\t<\/div>\n\t\t\t\t\t\t<\/div>\n\t\t\t<\/div>\n\t\t<\/div>\n\t\t\t\t\t\t<\/div>\n\t\t\t<\/div>\n\t\t<\/section>\n\t\t\t\t\t\t<\/div>\n\t\t\t<\/div>\n\t\t<\/div>\n\t\t\t\t\t\t<\/div>\n\t\t\t<\/div>\n\t\t<\/section>\n\t\t\t\t<section class=\"elementor-element elementor-element-9d9a1ff elementor-section-full_width elementor-section-height-default elementor-section-height-default elementor-section elementor-top-section\" data-id=\"9d9a1ff\" data-element_type=\"section\" data-settings=\"{&quot;background_background&quot;:&quot;classic&quot;}\">\n\t\t\t\t\t\t<div class=\"elementor-container elementor-column-gap-default\">\n\t\t\t\t<div class=\"elementor-row\">\n\t\t\t\t<div class=\"elementor-element elementor-element-d31684d elementor-column elementor-col-100 elementor-top-column\" data-id=\"d31684d\" data-element_type=\"column\">\n\t\t\t<div class=\"elementor-column-wrap  elementor-element-populated\">\n\t\t\t\t\t<div class=\"elementor-widget-wrap\">\n\t\t\t\t<div class=\"elementor-element elementor-element-8451dd9 elementor-widget elementor-widget-heading\" data-id=\"8451dd9\" data-element_type=\"widget\" data-widget_type=\"heading.default\">\n\t\t\t\t<div class=\"elementor-widget-container\">\n\t\t\t<h6 class=\"elementor-heading-title elementor-size-default\">Deux Ailes est une association d\u2019int\u00e9r\u00eat g\u00e9n\u00e9ral \u00e0 vocation humanitaire sans but lucratif, r\u00e9gie par la loi du 1er juillet 1901.- Tout droits r\u00e9serv\u00e9s - copyright - 2021<\/h6>\t\t<\/div>\n\t\t\t\t<\/div>\n\t\t\t\t\t\t<\/div>\n\t\t\t<\/div>\n\t\t<\/div>\n\t\t\t\t\t\t<\/div>\n\t\t\t<\/div>\n\t\t<\/section>\n\t\t\t\t\t\t<\/div>\n\t\t\t<\/div>\n\t\t<\/div>\n\t\t","protected":false},"excerpt":{"rendered":"<p>Contactez-nous deux.ailes@live.fr 9 rue Blanqui 42000 Saint-Etienne Facebook-f Twitter Instagram Youtube Pinterest Globe Liens ACCUEIL A PROPOS DE NOUS CONCEPT ORPHELINAT 2L NOTRE PREMIER ORPHELINAT NOS MISSIONS HUMANITAIRES NOS REALISATIONS Liens SOUTIEN PAR LE DON PARRAINAGE ALBUM PHOTOS NOTRE HISTOIRE F.A.Q MENTIONS LEGALES Contactez-nous Email : deux.ailes@live.fr webmaster : abiiss@live.fr Adresse : 9 rue Blanqui [&hellip;]<\/p>\n","protected":false},"author":1,"featured_media":0,"parent":0,"menu_order":0,"comment_status":"closed","ping_status":"closed","template":"elementor_header_footer","meta":[],"aioseo_notices":[],"yoast_head":"<!-- This site is optimized with the Yoast SEO plugin v14.0.1 - https:\/\/yoast.com\/wordpress\/plugins\/seo\/ -->\n<title>deux ailes page test association association deux ailes<\/title>\n<meta name=\"description\" content=\"association deuxx ailes\" \/>\n<meta name=\"robots\" content=\"index, follow\" \/>\n<meta name=\"googlebot\" content=\"index, follow, max-snippet:-1, max-image-preview:large, max-video-preview:-1\" \/>\n<meta name=\"bingbot\" content=\"index, follow, max-snippet:-1, max-image-preview:large, max-video-preview:-1\" \/>\n<link rel=\"canonical\" href=\"https:\/\/www.deux-ailes.org\/index.php\/contact\/\" \/>\n<meta property=\"og:locale\" content=\"fr_FR\" \/>\n<meta property=\"og:type\" content=\"article\" \/>\n<meta property=\"og:title\" content=\"deux ailes page test association association deux ailes\" \/>\n<meta property=\"og:description\" content=\"association deuxx ailes\" \/>\n<meta property=\"og:url\" content=\"https:\/\/www.deux-ailes.org\/index.php\/contact\/\" \/>\n<meta property=\"og:site_name\" content=\"association Deux Ailes\" \/>\n<meta property=\"article:modified_time\" content=\"2024-04-17T11:18:08+00:00\" \/>\n<meta property=\"og:image\" content=\"https:\/\/www.deux-ailes.org\/wp-content\/uploads\/2024\/03\/groupe-mini-02.jpg\" \/>\n<meta name=\"twitter:card\" content=\"summary_large_image\" \/>\n<script type=\"application\/ld+json\" class=\"yoast-schema-graph\">{\"@context\":\"https:\/\/schema.org\",\"@graph\":[{\"@type\":\"Organization\",\"@id\":\"https:\/\/www.deux-ailes.org\/#organization\",\"name\":\"association Deux Ailes\",\"url\":\"https:\/\/www.deux-ailes.org\/\",\"sameAs\":[],\"logo\":{\"@type\":\"ImageObject\",\"@id\":\"https:\/\/www.deux-ailes.org\/#logo\",\"inLanguage\":\"fr-FR\",\"url\":\"https:\/\/www.deux-ailes.org\/wp-content\/uploads\/2024\/04\/logo-2L-rondi.png\",\"width\":194,\"height\":104,\"caption\":\"association Deux Ailes\"},\"image\":{\"@id\":\"https:\/\/www.deux-ailes.org\/#logo\"}},{\"@type\":\"WebSite\",\"@id\":\"https:\/\/www.deux-ailes.org\/#website\",\"url\":\"https:\/\/www.deux-ailes.org\/\",\"name\":\"association Deux Ailes\",\"description\":\"ASSOCIATION DEUX AILES CONSTRUCTEUR DE COMPLEXE ORPHELINAT\",\"publisher\":{\"@id\":\"https:\/\/www.deux-ailes.org\/#organization\"},\"potentialAction\":[{\"@type\":\"SearchAction\",\"target\":\"https:\/\/www.deux-ailes.org\/?s={search_term_string}\",\"query-input\":\"required name=search_term_string\"}],\"inLanguage\":\"fr-FR\"},{\"@type\":\"ImageObject\",\"@id\":\"https:\/\/www.deux-ailes.org\/index.php\/contact\/#primaryimage\",\"inLanguage\":\"fr-FR\",\"url\":\"https:\/\/www.deux-ailes.org\/wp-content\/uploads\/2024\/03\/groupe-mini-02.jpg\",\"width\":500,\"height\":274},{\"@type\":\"WebPage\",\"@id\":\"https:\/\/www.deux-ailes.org\/index.php\/contact\/#webpage\",\"url\":\"https:\/\/www.deux-ailes.org\/index.php\/contact\/\",\"name\":\"deux ailes page test association association deux ailes\",\"isPartOf\":{\"@id\":\"https:\/\/www.deux-ailes.org\/#website\"},\"primaryImageOfPage\":{\"@id\":\"https:\/\/www.deux-ailes.org\/index.php\/contact\/#primaryimage\"},\"datePublished\":\"2020-05-19T00:31:39+00:00\",\"dateModified\":\"2024-04-17T11:18:08+00:00\",\"description\":\"association deuxx ailes\",\"inLanguage\":\"fr-FR\",\"potentialAction\":[{\"@type\":\"ReadAction\",\"target\":[\"https:\/\/www.deux-ailes.org\/index.php\/contact\/\"]}]}]}<\/script>\n<!-- \/ Yoast SEO plugin. -->","_links":{"self":[{"href":"https:\/\/www.deux-ailes.org\/index.php\/wp-json\/wp\/v2\/pages\/1127"}],"collection":[{"href":"https:\/\/www.deux-ailes.org\/index.php\/wp-json\/wp\/v2\/pages"}],"about":[{"href":"https:\/\/www.deux-ailes.org\/index.php\/wp-json\/wp\/v2\/types\/page"}],"author":[{"embeddable":true,"href":"https:\/\/www.deux-ailes.org\/index.php\/wp-json\/wp\/v2\/users\/1"}],"replies":[{"embeddable":true,"href":"https:\/\/www.deux-ailes.org\/index.php\/wp-json\/wp\/v2\/comments?post=1127"}],"version-history":[{"count":21,"href":"https:\/\/www.deux-ailes.org\/index.php\/wp-json\/wp\/v2\/pages\/1127\/revisions"}],"predecessor-version":[{"id":4246,"href":"https:\/\/www.deux-ailes.org\/index.php\/wp-json\/wp\/v2\/pages\/1127\/revisions\/4246"}],"wp:attachment":[{"href":"https:\/\/www.deux-ailes.org\/index.php\/wp-json\/wp\/v2\/media?parent=1127"}],"curies":[{"name":"wp","href":"https:\/\/api.w.org\/{rel}","templated":true}]}}