{"id":3971,"date":"2024-04-02T13:57:26","date_gmt":"2024-04-02T11:57:26","guid":{"rendered":"http:\/\/www.deux-ailes.org\/?page_id=3971"},"modified":"2025-03-19T15:55:06","modified_gmt":"2025-03-19T14:55:06","slug":"don-en-ligne-securise","status":"publish","type":"page","link":"https:\/\/www.deux-ailes.org\/index.php\/don-en-ligne-securise\/","title":{"rendered":"DON EN LIGNE SECURISE"},"content":{"rendered":"\t\t<div data-elementor-type=\"wp-page\" data-elementor-id=\"3971\" class=\"elementor elementor-3971\" data-elementor-settings=\"[]\">\n\t\t\t<div class=\"elementor-inner\">\n\t\t\t\t<div class=\"elementor-section-wrap\">\n\t\t\t\t\t\t\t<section class=\"elementor-element elementor-element-8a86f47 elementor-section-content-middle elementor-section-full_width elementor-section-height-default elementor-section-height-default elementor-section elementor-top-section\" data-id=\"8a86f47\" data-element_type=\"section\" data-settings=\"{&quot;background_background&quot;:&quot;classic&quot;}\">\n\t\t\t\t\t\t<div class=\"elementor-container elementor-column-gap-no\">\n\t\t\t\t<div class=\"elementor-row\">\n\t\t\t\t<div class=\"elementor-element elementor-element-fb6c54a elementor-column elementor-col-100 elementor-top-column\" data-id=\"fb6c54a\" data-element_type=\"column\">\n\t\t\t<div class=\"elementor-column-wrap  elementor-element-populated\">\n\t\t\t\t\t<div class=\"elementor-widget-wrap\">\n\t\t\t\t<div class=\"elementor-element elementor-element-ae65ca2 elementor-view-default elementor-widget elementor-widget-icon\" data-id=\"ae65ca2\" data-element_type=\"widget\" data-widget_type=\"icon.default\">\n\t\t\t\t<div class=\"elementor-widget-container\">\n\t\t\t\t\t<div class=\"elementor-icon-wrapper\">\n\t\t\t<div class=\"elementor-icon\">\n\t\t\t<i aria-hidden=\"true\" class=\"fas fa-user-lock\"><\/i>\t\t\t<\/div>\n\t\t<\/div>\n\t\t\t\t<\/div>\n\t\t\t\t<\/div>\n\t\t\t\t<div class=\"elementor-element elementor-element-6ce887e elementor-widget elementor-widget-heading\" data-id=\"6ce887e\" data-element_type=\"widget\" data-widget_type=\"heading.default\">\n\t\t\t\t<div class=\"elementor-widget-container\">\n\t\t\t<h6 class=\"elementor-heading-title elementor-size-default\">P@ge de Don S\u00e9curis\u00e9e<\/h6>\t\t<\/div>\n\t\t\t\t<\/div>\n\t\t\t\t\t\t<\/div>\n\t\t\t<\/div>\n\t\t<\/div>\n\t\t\t\t\t\t<\/div>\n\t\t\t<\/div>\n\t\t<\/section>\n\t\t\t\t<section class=\"elementor-element elementor-element-253e0c9 elementor-section-boxed elementor-section-height-default elementor-section-height-default elementor-section elementor-top-section\" data-id=\"253e0c9\" data-element_type=\"section\" data-settings=\"{&quot;background_background&quot;:&quot;classic&quot;}\">\n\t\t\t\t\t\t<div class=\"elementor-container elementor-column-gap-default\">\n\t\t\t\t<div class=\"elementor-row\">\n\t\t\t\t<div class=\"elementor-element elementor-element-628aa0d elementor-column elementor-col-100 elementor-top-column\" data-id=\"628aa0d\" data-element_type=\"column\">\n\t\t\t<div class=\"elementor-column-wrap  elementor-element-populated\">\n\t\t\t\t\t<div class=\"elementor-widget-wrap\">\n\t\t\t\t<div class=\"elementor-element elementor-element-b3f079e elementor-widget elementor-widget-heading\" data-id=\"b3f079e\" data-element_type=\"widget\" data-widget_type=\"heading.default\">\n\t\t\t\t<div class=\"elementor-widget-container\">\n\t\t\t<h2 class=\"elementor-heading-title elementor-size-default\">Cagnotte Phase 5 : fin des travaux du complexe de Louga.<\/h2>\t\t<\/div>\n\t\t\t\t<\/div>\n\t\t\t\t\t\t<\/div>\n\t\t\t<\/div>\n\t\t<\/div>\n\t\t\t\t\t\t<\/div>\n\t\t\t<\/div>\n\t\t<\/section>\n\t\t\t\t<section class=\"elementor-element elementor-element-1cf4fb9 elementor-section-content-middle elementor-section-boxed elementor-section-height-default elementor-section-height-default elementor-section elementor-top-section\" data-id=\"1cf4fb9\" data-element_type=\"section\">\n\t\t\t\t\t\t<div class=\"elementor-container elementor-column-gap-no\">\n\t\t\t\t<div class=\"elementor-row\">\n\t\t\t\t<div class=\"elementor-element elementor-element-2e26dd31 elementor-column elementor-col-100 elementor-top-column\" data-id=\"2e26dd31\" data-element_type=\"column\">\n\t\t\t<div class=\"elementor-column-wrap  elementor-element-populated\">\n\t\t\t\t\t<div class=\"elementor-widget-wrap\">\n\t\t\t\t<div class=\"elementor-element elementor-element-ac9e583 elementor-widget elementor-widget-html\" data-id=\"ac9e583\" data-element_type=\"widget\" data-widget_type=\"html.default\">\n\t\t\t\t<div class=\"elementor-widget-container\">\n\t\t\t<center>\n   \n   <iframe id=\"haWidget\" allowtransparency=\"true\" scrolling=\"auto\" src=\"https:\/\/www.helloasso.com\/associations\/deux-ailes\/collectes\/phase-5-2eme-partie-fin-des-travaux-du-1er-complexe-orphelinat-2-ailes\/widget\" style=\"width: 100%; height: 1220px; border: none;\" onload=\"window.scroll(0, this.offsetTop)\"><\/iframe>\n\n<\/center>\n\t\t<\/div>\n\t\t\t\t<\/div>\n\t\t\t\t\t\t<\/div>\n\t\t\t<\/div>\n\t\t<\/div>\n\t\t\t\t\t\t<\/div>\n\t\t\t<\/div>\n\t\t<\/section>\n\t\t\t\t<section class=\"elementor-element elementor-element-615ec06 elementor-section-full_width elementor-section-height-default elementor-section-height-default elementor-section elementor-top-section\" data-id=\"615ec06\" data-element_type=\"section\" data-settings=\"{&quot;background_background&quot;:&quot;classic&quot;}\">\n\t\t\t\t\t\t<div class=\"elementor-container elementor-column-gap-no\">\n\t\t\t\t<div class=\"elementor-row\">\n\t\t\t\t<div class=\"elementor-element elementor-element-a613923 elementor-column elementor-col-100 elementor-top-column\" data-id=\"a613923\" data-element_type=\"column\">\n\t\t\t<div class=\"elementor-column-wrap  elementor-element-populated\">\n\t\t\t\t\t<div class=\"elementor-widget-wrap\">\n\t\t\t\t<section class=\"elementor-element elementor-element-f746ac6 elementor-section-content-middle elementor-section-boxed elementor-section-height-default elementor-section-height-default elementor-section elementor-inner-section\" data-id=\"f746ac6\" data-element_type=\"section\">\n\t\t\t\t\t\t<div class=\"elementor-container elementor-column-gap-no\">\n\t\t\t\t<div class=\"elementor-row\">\n\t\t\t\t<div class=\"elementor-element elementor-element-063abea elementor-column elementor-col-25 elementor-inner-column\" data-id=\"063abea\" data-element_type=\"column\">\n\t\t\t<div class=\"elementor-column-wrap  elementor-element-populated\">\n\t\t\t\t\t<div class=\"elementor-widget-wrap\">\n\t\t\t\t<div class=\"elementor-element elementor-element-e378d42 elementor-widget elementor-widget-heading\" data-id=\"e378d42\" data-element_type=\"widget\" data-widget_type=\"heading.default\">\n\t\t\t\t<div class=\"elementor-widget-container\">\n\t\t\t<h6 class=\"elementor-heading-title elementor-size-default\">Liens<\/h6>\t\t<\/div>\n\t\t\t\t<\/div>\n\t\t\t\t<div class=\"elementor-element elementor-element-d02b906 hfe-submenu-icon-classic hfe-nav-menu__breakpoint-none hfe-nav-menu__align-left elementor-widget elementor-widget-navigation-menu\" data-id=\"d02b906\" data-element_type=\"widget\" data-widget_type=\"navigation-menu.default\">\n\t\t\t\t<div class=\"elementor-widget-container\">\n\t\t\t\t\t\t<div class=\"hfe-nav-menu hfe-layout-vertical hfe-nav-menu-layout vertical\" data-layout=\"vertical\">\n\t\t\t\t<div class=\"hfe-nav-menu__toggle elementor-clickable\">\n\t\t\t\t\t<div class=\"hfe-nav-menu-icon\">\n\t\t\t\t\t\t\t\t\t\t\t\t\t<i class=\"<br \/>\n<b>Notice<\/b>:  Trying to access array offset on value of type null in <b>\/home\/deuxaic\/www\/wp-content\/plugins\/header-footer-elementor\/inc\/widgets-manager\/widgets\/class-navigation-menu.php<\/b> on line <b>1835<\/b><br \/>\n\" aria-hidden=\"true\" tabindex=\"0\"><\/i>\n\t\t\t\t\t\t\t\t\t\t\t<\/div>\n\t\t\t\t<\/div>\n\t\t\t\t<nav class=\"hfe-nav-menu__layout-vertical hfe-nav-menu__submenu-classic\" data-toggle-icon=\"\" data-close-icon=\"\" data-full-width=\"\"><ul class=\"hfe-nav-menu\"><li id=\"menu-item-3822\" class=\"menu-item menu-item-type-post_type menu-item-object-page menu-item-home parent hfe-creative-menu\"><a href=\"https:\/\/www.deux-ailes.org\/\" class = \"hfe-menu-item\">ACCUEIL<\/a><\/li>\n<li id=\"menu-item-3819\" class=\"menu-item menu-item-type-post_type menu-item-object-page parent hfe-creative-menu\"><a href=\"https:\/\/www.deux-ailes.org\/index.php\/a-propos-de-nous\/\" class = \"hfe-menu-item\">A PROPOS DE NOUS<\/a><\/li>\n<li id=\"menu-item-3821\" class=\"menu-item menu-item-type-post_type menu-item-object-page parent hfe-creative-menu\"><a href=\"https:\/\/www.deux-ailes.org\/index.php\/concept-orphelinat-2l\/\" class = \"hfe-menu-item\">CONCEPT ORPHELINAT 2L<\/a><\/li>\n<li id=\"menu-item-3820\" class=\"menu-item menu-item-type-post_type menu-item-object-page parent hfe-creative-menu\"><a href=\"https:\/\/www.deux-ailes.org\/index.php\/notre-1er-orphelinat\/\" class = \"hfe-menu-item\">NOTRE PREMIER ORPHELINAT<\/a><\/li>\n<li id=\"menu-item-3817\" class=\"menu-item menu-item-type-post_type menu-item-object-page parent hfe-creative-menu\"><a href=\"https:\/\/www.deux-ailes.org\/index.php\/nos-missions-humanitaires\/\" class = \"hfe-menu-item\">NOS MISSIONS HUMANITAIRES<\/a><\/li>\n<li id=\"menu-item-3818\" class=\"menu-item menu-item-type-post_type menu-item-object-page parent hfe-creative-menu\"><a href=\"https:\/\/www.deux-ailes.org\/index.php\/nos-realisations\/\" class = \"hfe-menu-item\">NOS REALISATIONS<\/a><\/li>\n<\/ul><\/nav>              \n\t\t\t<\/div>\n\t\t\t\t\t<\/div>\n\t\t\t\t<\/div>\n\t\t\t\t\t\t<\/div>\n\t\t\t<\/div>\n\t\t<\/div>\n\t\t\t\t<div class=\"elementor-element elementor-element-a5dbad2 elementor-column elementor-col-25 elementor-inner-column\" data-id=\"a5dbad2\" data-element_type=\"column\">\n\t\t\t<div class=\"elementor-column-wrap  elementor-element-populated\">\n\t\t\t\t\t<div class=\"elementor-widget-wrap\">\n\t\t\t\t<div class=\"elementor-element elementor-element-f95caf1 elementor-widget elementor-widget-heading\" data-id=\"f95caf1\" data-element_type=\"widget\" data-widget_type=\"heading.default\">\n\t\t\t\t<div class=\"elementor-widget-container\">\n\t\t\t<h6 class=\"elementor-heading-title elementor-size-default\">Liens<\/h6>\t\t<\/div>\n\t\t\t\t<\/div>\n\t\t\t\t<div class=\"elementor-element elementor-element-802133b hfe-submenu-icon-classic hfe-nav-menu__breakpoint-none hfe-nav-menu__align-left elementor-widget elementor-widget-navigation-menu\" data-id=\"802133b\" data-element_type=\"widget\" data-widget_type=\"navigation-menu.default\">\n\t\t\t\t<div class=\"elementor-widget-container\">\n\t\t\t\t\t\t<div class=\"hfe-nav-menu hfe-layout-vertical hfe-nav-menu-layout vertical\" data-layout=\"vertical\">\n\t\t\t\t<div class=\"hfe-nav-menu__toggle elementor-clickable\">\n\t\t\t\t\t<div class=\"hfe-nav-menu-icon\">\n\t\t\t\t\t\t\t\t\t\t\t\t\t<i class=\"<br \/>\n<b>Notice<\/b>:  Trying to access array offset on value of type null in <b>\/home\/deuxaic\/www\/wp-content\/plugins\/header-footer-elementor\/inc\/widgets-manager\/widgets\/class-navigation-menu.php<\/b> on line <b>1835<\/b><br \/>\n\" aria-hidden=\"true\" tabindex=\"0\"><\/i>\n\t\t\t\t\t\t\t\t\t\t\t<\/div>\n\t\t\t\t<\/div>\n\t\t\t\t<nav class=\"hfe-nav-menu__layout-vertical hfe-nav-menu__submenu-classic\" data-toggle-icon=\"\" data-close-icon=\"\" data-full-width=\"\"><ul class=\"hfe-nav-menu\"><li id=\"menu-item-3813\" class=\"menu-item menu-item-type-post_type menu-item-object-page parent hfe-creative-menu\"><a href=\"https:\/\/www.deux-ailes.org\/index.php\/soutien-par-le-don\/\" class = \"hfe-menu-item\">SOUTIEN PAR LE DON<\/a><\/li>\n<li id=\"menu-item-3816\" class=\"menu-item menu-item-type-post_type menu-item-object-page parent hfe-creative-menu\"><a href=\"https:\/\/www.deux-ailes.org\/index.php\/parrainage\/\" class = \"hfe-menu-item\">PARRAINAGE<\/a><\/li>\n<li id=\"menu-item-3814\" class=\"menu-item menu-item-type-post_type menu-item-object-page parent hfe-creative-menu\"><a href=\"https:\/\/www.deux-ailes.org\/index.php\/album-photos\/\" class = \"hfe-menu-item\">ALBUM PHOTOS<\/a><\/li>\n<li id=\"menu-item-3815\" class=\"menu-item menu-item-type-post_type menu-item-object-page parent hfe-creative-menu\"><a href=\"https:\/\/www.deux-ailes.org\/index.php\/notre-histoire\/\" class = \"hfe-menu-item\">NOTRE HISTOIRE<\/a><\/li>\n<li id=\"menu-item-3812\" class=\"menu-item menu-item-type-post_type menu-item-object-page parent hfe-creative-menu\"><a href=\"https:\/\/www.deux-ailes.org\/index.php\/faq-deux-ailes\/\" class = \"hfe-menu-item\">F.A.Q<\/a><\/li>\n<li id=\"menu-item-3811\" class=\"menu-item menu-item-type-post_type menu-item-object-page parent hfe-creative-menu\"><a href=\"https:\/\/www.deux-ailes.org\/index.php\/mentions-legales\/\" class = \"hfe-menu-item\">MENTIONS LEGALES<\/a><\/li>\n<\/ul><\/nav>              \n\t\t\t<\/div>\n\t\t\t\t\t<\/div>\n\t\t\t\t<\/div>\n\t\t\t\t\t\t<\/div>\n\t\t\t<\/div>\n\t\t<\/div>\n\t\t\t\t<div class=\"elementor-element elementor-element-3bbdfe8 elementor-column elementor-col-25 elementor-inner-column\" data-id=\"3bbdfe8\" data-element_type=\"column\">\n\t\t\t<div class=\"elementor-column-wrap  elementor-element-populated\">\n\t\t\t\t\t<div class=\"elementor-widget-wrap\">\n\t\t\t\t<div class=\"elementor-element elementor-element-d6b82ac elementor-widget elementor-widget-image\" data-id=\"d6b82ac\" data-element_type=\"widget\" data-widget_type=\"image.default\">\n\t\t\t\t<div class=\"elementor-widget-container\">\n\t\t\t\t\t<div class=\"elementor-image\">\n\t\t\t\t\t\t\t\t\t\t<img width=\"500\" height=\"274\" src=\"https:\/\/www.deux-ailes.org\/wp-content\/uploads\/2024\/03\/groupe-mini-02.jpg\" class=\"attachment-large size-large\" alt=\"\" loading=\"lazy\" srcset=\"https:\/\/www.deux-ailes.org\/wp-content\/uploads\/2024\/03\/groupe-mini-02.jpg 500w, https:\/\/www.deux-ailes.org\/wp-content\/uploads\/2024\/03\/groupe-mini-02-300x164.jpg 300w\" sizes=\"(max-width: 500px) 100vw, 500px\" \/>\t\t\t\t\t\t\t\t\t\t\t<\/div>\n\t\t\t\t<\/div>\n\t\t\t\t<\/div>\n\t\t\t\t\t\t<\/div>\n\t\t\t<\/div>\n\t\t<\/div>\n\t\t\t\t<div class=\"elementor-element elementor-element-1563f40 elementor-column elementor-col-25 elementor-inner-column\" data-id=\"1563f40\" data-element_type=\"column\">\n\t\t\t<div class=\"elementor-column-wrap  elementor-element-populated\">\n\t\t\t\t\t<div class=\"elementor-widget-wrap\">\n\t\t\t\t<div class=\"elementor-element elementor-element-5bf83b3 elementor-widget elementor-widget-heading\" data-id=\"5bf83b3\" data-element_type=\"widget\" data-widget_type=\"heading.default\">\n\t\t\t\t<div class=\"elementor-widget-container\">\n\t\t\t<h6 class=\"elementor-heading-title elementor-size-default\">Contactez-nous<\/h6>\t\t<\/div>\n\t\t\t\t<\/div>\n\t\t\t\t<div class=\"elementor-element elementor-element-e6d0955 elementor-widget elementor-widget-text-editor\" data-id=\"e6d0955\" data-element_type=\"widget\" data-widget_type=\"text-editor.default\">\n\t\t\t\t<div class=\"elementor-widget-container\">\n\t\t\t\t\t<div class=\"elementor-text-editor elementor-clearfix\"><p style=\"text-align: left;\"><strong>Email<\/strong> : deux.ailes@live.fr<\/p><p style=\"text-align: left;\"><strong>webmaster<\/strong> : abiiss@live.fr<\/p><p style=\"text-align: left;\"><strong>Adresse :<\/strong> 9 rue Blanqui &#8211; 42000 St-Etienne<\/p><\/div>\n\t\t\t\t<\/div>\n\t\t\t\t<\/div>\n\t\t\t\t\t\t<\/div>\n\t\t\t<\/div>\n\t\t<\/div>\n\t\t\t\t\t\t<\/div>\n\t\t\t<\/div>\n\t\t<\/section>\n\t\t\t\t\t\t<\/div>\n\t\t\t<\/div>\n\t\t<\/div>\n\t\t\t\t\t\t<\/div>\n\t\t\t<\/div>\n\t\t<\/section>\n\t\t\t\t<section class=\"elementor-element elementor-element-35abefc elementor-section-boxed elementor-section-height-default elementor-section-height-default elementor-section elementor-top-section\" data-id=\"35abefc\" data-element_type=\"section\" data-settings=\"{&quot;background_background&quot;:&quot;classic&quot;}\">\n\t\t\t\t\t\t<div class=\"elementor-container elementor-column-gap-default\">\n\t\t\t\t<div class=\"elementor-row\">\n\t\t\t\t<div class=\"elementor-element elementor-element-26831f5 elementor-column elementor-col-100 elementor-top-column\" data-id=\"26831f5\" data-element_type=\"column\">\n\t\t\t<div class=\"elementor-column-wrap  elementor-element-populated\">\n\t\t\t\t\t<div class=\"elementor-widget-wrap\">\n\t\t\t\t<div class=\"elementor-element elementor-element-e21455e elementor-shape-rounded elementor-widget elementor-widget-social-icons\" data-id=\"e21455e\" data-element_type=\"widget\" data-widget_type=\"social-icons.default\">\n\t\t\t\t<div class=\"elementor-widget-container\">\n\t\t\t\t\t<div class=\"elementor-social-icons-wrapper\">\n\t\t\t\t\t\t\t<a class=\"elementor-icon elementor-social-icon elementor-social-icon-facebook-f elementor-animation-grow elementor-repeater-item-9c86cde\" href=\"https:\/\/fr-fr.facebook.com\/orphelinatdelouga\/\" target=\"_blank\">\n\t\t\t\t\t<span class=\"elementor-screen-only\">Facebook-f<\/span>\n\t\t\t\t\t<i class=\"fab fa-facebook-f\"><\/i>\t\t\t\t<\/a>\n\t\t\t\t\t\t\t<a class=\"elementor-icon elementor-social-icon elementor-social-icon-twitter elementor-animation-grow elementor-repeater-item-7f0e5c7\" href=\"https:\/\/twitter.com\/deuxailes2louga?lang=fr\" target=\"_blank\">\n\t\t\t\t\t<span class=\"elementor-screen-only\">Twitter<\/span>\n\t\t\t\t\t<i class=\"fab fa-twitter\"><\/i>\t\t\t\t<\/a>\n\t\t\t\t\t\t\t<a class=\"elementor-icon elementor-social-icon elementor-social-icon-instagram elementor-animation-grow elementor-repeater-item-7b9d1bc\" href=\"https:\/\/www.instagram.com\/associationdeuxailes\/?hl=fr\" target=\"_blank\">\n\t\t\t\t\t<span class=\"elementor-screen-only\">Instagram<\/span>\n\t\t\t\t\t<i class=\"fab fa-instagram\"><\/i>\t\t\t\t<\/a>\n\t\t\t\t\t\t\t<a class=\"elementor-icon elementor-social-icon elementor-social-icon-youtube elementor-animation-grow elementor-repeater-item-1cfae18\" href=\"https:\/\/www.youtube.com\/channel\/UCq7lJcJGDLHz4k0lg2y9f5g\" target=\"_blank\">\n\t\t\t\t\t<span class=\"elementor-screen-only\">Youtube<\/span>\n\t\t\t\t\t<i class=\"fab fa-youtube\"><\/i>\t\t\t\t<\/a>\n\t\t\t\t\t\t\t<a class=\"elementor-icon elementor-social-icon elementor-social-icon-pinterest elementor-animation-grow elementor-repeater-item-6b9a598\" href=\"https:\/\/www.pinterest.fr\/associationdeuxailes\/\" target=\"_blank\">\n\t\t\t\t\t<span class=\"elementor-screen-only\">Pinterest<\/span>\n\t\t\t\t\t<i class=\"fab fa-pinterest\"><\/i>\t\t\t\t<\/a>\n\t\t\t\t\t\t\t<a class=\"elementor-icon elementor-social-icon elementor-social-icon-globe elementor-animation-grow elementor-repeater-item-754b1fb\" href=\"https:\/\/www.helloasso.com\/associations\/deux-ailes\" target=\"_blank\">\n\t\t\t\t\t<span class=\"elementor-screen-only\">Globe<\/span>\n\t\t\t\t\t<i class=\"fas fa-globe\"><\/i>\t\t\t\t<\/a>\n\t\t\t\t\t<\/div>\n\t\t\t\t<\/div>\n\t\t\t\t<\/div>\n\t\t\t\t\t\t<\/div>\n\t\t\t<\/div>\n\t\t<\/div>\n\t\t\t\t\t\t<\/div>\n\t\t\t<\/div>\n\t\t<\/section>\n\t\t\t\t<section class=\"elementor-element elementor-element-967dd40 elementor-section-full_width elementor-section-height-default elementor-section-height-default elementor-section elementor-top-section\" data-id=\"967dd40\" data-element_type=\"section\" data-settings=\"{&quot;background_background&quot;:&quot;classic&quot;}\">\n\t\t\t\t\t\t<div class=\"elementor-container elementor-column-gap-default\">\n\t\t\t\t<div class=\"elementor-row\">\n\t\t\t\t<div class=\"elementor-element elementor-element-a3e9087 elementor-column elementor-col-100 elementor-top-column\" data-id=\"a3e9087\" data-element_type=\"column\">\n\t\t\t<div class=\"elementor-column-wrap  elementor-element-populated\">\n\t\t\t\t\t<div class=\"elementor-widget-wrap\">\n\t\t\t\t<div class=\"elementor-element elementor-element-62c5b4a elementor-widget elementor-widget-heading\" data-id=\"62c5b4a\" data-element_type=\"widget\" data-widget_type=\"heading.default\">\n\t\t\t\t<div class=\"elementor-widget-container\">\n\t\t\t<h6 class=\"elementor-heading-title elementor-size-default\">Deux Ailes est une association d\u2019int\u00e9r\u00eat g\u00e9n\u00e9ral \u00e0 vocation humanitaire sans but lucratif, r\u00e9gie par la loi du 1er juillet 1901.- Tout droits r\u00e9serv\u00e9s - copyright - 2021<\/h6>\t\t<\/div>\n\t\t\t\t<\/div>\n\t\t\t\t\t\t<\/div>\n\t\t\t<\/div>\n\t\t<\/div>\n\t\t\t\t\t\t<\/div>\n\t\t\t<\/div>\n\t\t<\/section>\n\t\t\t\t\t\t<\/div>\n\t\t\t<\/div>\n\t\t<\/div>\n\t\t","protected":false},"excerpt":{"rendered":"<p>P@ge de Don S\u00e9curis\u00e9e Cagnotte Phase 5 : fin des travaux du complexe de Louga. Liens ACCUEIL A PROPOS DE NOUS CONCEPT ORPHELINAT 2L NOTRE PREMIER ORPHELINAT NOS MISSIONS HUMANITAIRES NOS REALISATIONS Liens SOUTIEN PAR LE DON PARRAINAGE ALBUM PHOTOS NOTRE HISTOIRE F.A.Q MENTIONS LEGALES Contactez-nous Email : deux.ailes@live.fr webmaster : abiiss@live.fr Adresse : 9 [&hellip;]<\/p>\n","protected":false},"author":1,"featured_media":0,"parent":0,"menu_order":0,"comment_status":"closed","ping_status":"closed","template":"elementor_header_footer","meta":[],"aioseo_notices":[],"yoast_head":"<!-- This site is optimized with the Yoast SEO plugin v14.0.1 - https:\/\/yoast.com\/wordpress\/plugins\/seo\/ -->\n<title>deux ailes page test association association deux ailes<\/title>\n<meta name=\"description\" content=\"association deuxx ailes\" \/>\n<meta name=\"robots\" content=\"index, follow\" \/>\n<meta name=\"googlebot\" content=\"index, follow, max-snippet:-1, max-image-preview:large, max-video-preview:-1\" \/>\n<meta name=\"bingbot\" content=\"index, follow, max-snippet:-1, max-image-preview:large, max-video-preview:-1\" \/>\n<link rel=\"canonical\" href=\"https:\/\/www.deux-ailes.org\/index.php\/don-en-ligne-securise\/\" \/>\n<meta property=\"og:locale\" content=\"fr_FR\" \/>\n<meta property=\"og:type\" content=\"article\" \/>\n<meta property=\"og:title\" content=\"deux ailes page test association association deux ailes\" \/>\n<meta property=\"og:description\" content=\"association deuxx ailes\" \/>\n<meta property=\"og:url\" content=\"https:\/\/www.deux-ailes.org\/index.php\/don-en-ligne-securise\/\" \/>\n<meta property=\"og:site_name\" content=\"association Deux Ailes\" \/>\n<meta property=\"article:modified_time\" content=\"2025-03-19T14:55:06+00:00\" \/>\n<meta property=\"og:image\" content=\"https:\/\/www.deux-ailes.org\/wp-content\/uploads\/2024\/03\/groupe-mini-02.jpg\" \/>\n<meta name=\"twitter:card\" content=\"summary_large_image\" \/>\n<script type=\"application\/ld+json\" class=\"yoast-schema-graph\">{\"@context\":\"https:\/\/schema.org\",\"@graph\":[{\"@type\":\"Organization\",\"@id\":\"https:\/\/www.deux-ailes.org\/#organization\",\"name\":\"association Deux Ailes\",\"url\":\"https:\/\/www.deux-ailes.org\/\",\"sameAs\":[],\"logo\":{\"@type\":\"ImageObject\",\"@id\":\"https:\/\/www.deux-ailes.org\/#logo\",\"inLanguage\":\"fr-FR\",\"url\":\"https:\/\/www.deux-ailes.org\/wp-content\/uploads\/2024\/04\/logo-2L-rondi.png\",\"width\":194,\"height\":104,\"caption\":\"association Deux Ailes\"},\"image\":{\"@id\":\"https:\/\/www.deux-ailes.org\/#logo\"}},{\"@type\":\"WebSite\",\"@id\":\"https:\/\/www.deux-ailes.org\/#website\",\"url\":\"https:\/\/www.deux-ailes.org\/\",\"name\":\"association Deux Ailes\",\"description\":\"ASSOCIATION DEUX AILES CONSTRUCTEUR DE COMPLEXE ORPHELINAT\",\"publisher\":{\"@id\":\"https:\/\/www.deux-ailes.org\/#organization\"},\"potentialAction\":[{\"@type\":\"SearchAction\",\"target\":\"https:\/\/www.deux-ailes.org\/?s={search_term_string}\",\"query-input\":\"required name=search_term_string\"}],\"inLanguage\":\"fr-FR\"},{\"@type\":\"ImageObject\",\"@id\":\"https:\/\/www.deux-ailes.org\/index.php\/don-en-ligne-securise\/#primaryimage\",\"inLanguage\":\"fr-FR\",\"url\":\"https:\/\/www.deux-ailes.org\/wp-content\/uploads\/2024\/03\/groupe-mini-02.jpg\",\"width\":500,\"height\":274},{\"@type\":\"WebPage\",\"@id\":\"https:\/\/www.deux-ailes.org\/index.php\/don-en-ligne-securise\/#webpage\",\"url\":\"https:\/\/www.deux-ailes.org\/index.php\/don-en-ligne-securise\/\",\"name\":\"deux ailes page test association association deux ailes\",\"isPartOf\":{\"@id\":\"https:\/\/www.deux-ailes.org\/#website\"},\"primaryImageOfPage\":{\"@id\":\"https:\/\/www.deux-ailes.org\/index.php\/don-en-ligne-securise\/#primaryimage\"},\"datePublished\":\"2024-04-02T11:57:26+00:00\",\"dateModified\":\"2025-03-19T14:55:06+00:00\",\"description\":\"association deuxx ailes\",\"inLanguage\":\"fr-FR\",\"potentialAction\":[{\"@type\":\"ReadAction\",\"target\":[\"https:\/\/www.deux-ailes.org\/index.php\/don-en-ligne-securise\/\"]}]}]}<\/script>\n<!-- \/ Yoast SEO plugin. -->","_links":{"self":[{"href":"https:\/\/www.deux-ailes.org\/index.php\/wp-json\/wp\/v2\/pages\/3971"}],"collection":[{"href":"https:\/\/www.deux-ailes.org\/index.php\/wp-json\/wp\/v2\/pages"}],"about":[{"href":"https:\/\/www.deux-ailes.org\/index.php\/wp-json\/wp\/v2\/types\/page"}],"author":[{"embeddable":true,"href":"https:\/\/www.deux-ailes.org\/index.php\/wp-json\/wp\/v2\/users\/1"}],"replies":[{"embeddable":true,"href":"https:\/\/www.deux-ailes.org\/index.php\/wp-json\/wp\/v2\/comments?post=3971"}],"version-history":[{"count":10,"href":"https:\/\/www.deux-ailes.org\/index.php\/wp-json\/wp\/v2\/pages\/3971\/revisions"}],"predecessor-version":[{"id":4344,"href":"https:\/\/www.deux-ailes.org\/index.php\/wp-json\/wp\/v2\/pages\/3971\/revisions\/4344"}],"wp:attachment":[{"href":"https:\/\/www.deux-ailes.org\/index.php\/wp-json\/wp\/v2\/media?parent=3971"}],"curies":[{"name":"wp","href":"https:\/\/api.w.org\/{rel}","templated":true}]}}